{"id":19,"date":"2015-01-08T11:47:47","date_gmt":"2015-01-08T10:47:47","guid":{"rendered":"https:\/\/www.aktion-blauer.de\/?page_id=19"},"modified":"2015-01-08T12:12:02","modified_gmt":"2015-01-08T11:12:02","slug":"unser-logo-und-seine-symbole","status":"publish","type":"page","link":"https:\/\/www.aktion-blauer.de\/?page_id=19","title":{"rendered":"Unser Logo und seine Symbole"},"content":{"rendered":"<h4><strong>Das Rad &#8230;<\/strong><\/h4>\n<p>&#8230; steht daf\u00fcr, dass wir unterwegs sind mit den Menschen und zu den Menschen, die wie wir Motorrad fahren. Diese Art der Fortbewegung ist f\u00fcr uns zu einem sch\u00f6nen und wichtigen Teil unseres Lebens geworden.<\/p>\n<h4><strong>Das Kreuz &#8230;<\/strong><\/h4>\n<p>&#8230; erinnert uns an die Gef\u00e4hrdung unseres Lebens. F\u00fcr uns ist es aber auch ein Zeichen der Hoffnung, dass Aggressivit\u00e4t und Tod auf der Stra\u00dfe nicht die letztg\u00fcltigen Erfahrungen sind, die wir machen m\u00fcssen.<\/p>\n<p>Und was bedeutet &#8230;<\/p>\n<ul>\n<li><a title=\"Unser Name\" href=\"https:\/\/www.aktion-blauer.de\/?page_id=21\">&#8230; unser Name?<\/a><\/li>\n<\/ul>\n","protected":false},"excerpt":{"rendered":"<p>Das Rad &#8230; &#8230; steht daf\u00fcr, dass wir unterwegs sind mit den Menschen und zu den Menschen, die wie wir Motorrad fahren. Diese Art der Fortbewegung ist f\u00fcr uns zu einem sch\u00f6nen und wichtigen Teil unseres Lebens geworden. Das Kreuz &hellip; <a href=\"https:\/\/www.aktion-blauer.de\/?page_id=19\">Weiterlesen <span class=\"meta-nav\">&rarr;<\/span><\/a><\/p>\n","protected":false},"author":1,"featured_media":0,"parent":17,"menu_order":1,"comment_status":"closed","ping_status":"closed","template":"","meta":{"footnotes":""},"class_list":["post-19","page","type-page","status-publish","hentry"],"_links":{"self":[{"href":"https:\/\/www.aktion-blauer.de\/index.php?rest_route=\/wp\/v2\/pages\/19","targetHints":{"allow":["GET"]}}],"collection":[{"href":"https:\/\/www.aktion-blauer.de\/index.php?rest_route=\/wp\/v2\/pages"}],"about":[{"href":"https:\/\/www.aktion-blauer.de\/index.php?rest_route=\/wp\/v2\/types\/page"}],"author":[{"embeddable":true,"href":"https:\/\/www.aktion-blauer.de\/index.php?rest_route=\/wp\/v2\/users\/1"}],"replies":[{"embeddable":true,"href":"https:\/\/www.aktion-blauer.de\/index.php?rest_route=%2Fwp%2Fv2%2Fcomments&post=19"}],"version-history":[{"count":2,"href":"https:\/\/www.aktion-blauer.de\/index.php?rest_route=\/wp\/v2\/pages\/19\/revisions"}],"predecessor-version":[{"id":34,"href":"https:\/\/www.aktion-blauer.de\/index.php?rest_route=\/wp\/v2\/pages\/19\/revisions\/34"}],"up":[{"embeddable":true,"href":"https:\/\/www.aktion-blauer.de\/index.php?rest_route=\/wp\/v2\/pages\/17"}],"wp:attachment":[{"href":"https:\/\/www.aktion-blauer.de\/index.php?rest_route=%2Fwp%2Fv2%2Fmedia&parent=19"}],"curies":[{"name":"wp","href":"https:\/\/api.w.org\/{rel}","templated":true}]}}