{"id":21,"date":"2015-01-08T11:48:34","date_gmt":"2015-01-08T10:48:34","guid":{"rendered":"https:\/\/www.aktion-blauer.de\/?page_id=21"},"modified":"2015-01-08T12:12:09","modified_gmt":"2015-01-08T11:12:09","slug":"unser-name","status":"publish","type":"page","link":"https:\/\/www.aktion-blauer.de\/?page_id=21","title":{"rendered":"Unser Name"},"content":{"rendered":"<h4><strong>Aktion &#8230;<\/strong><\/h4>\n<p>&#8230; umfasst f\u00fcr uns das ganze Leben von motorradfahrenden Menschen.<\/p>\n<ul>\n<li>gemeinsam unterwegs sein auf der Stra\u00dfe<\/li>\n<li>Begegnungen bei Treffen<\/li>\n<li>Gespr\u00e4che und Musik am Lagerfeuer<\/li>\n<li>Feiern des Lebens bei Taufen und Trauungen<\/li>\n<li>beim \u201eAnlassen\u201c und bei Gedenkfahrten<\/li>\n<li>dort kommen unsere Lebensfreude, aber auch Erfahrungen von Trauer und Verlust zum Ausdruck<\/li>\n<li>Erste-Hilfe-Kurs und Sicherheitstraining<\/li>\n<li>Verkehrspolitische Fragen<\/li>\n<\/ul>\n<p>Dabei geht es immer um mehr als nur die Sache, n\u00e4mlich um die Menschen, die sich dabei begegnen.<\/p>\n<h4><strong>Blau &#8230;<\/strong><\/h4>\n<p>&#8230; ist die Farbe der Freiheit. Welche Farbe k\u00f6nnte eigentlich mehr zum Motorradfahren passen als diese?<\/p>\n<p>Darin erleben wir das Sch\u00f6ne am Motorradfahren: diese unmittelbare Wahrnehmung unseres K\u00f6rpers und unseres Motorrades, aber auch der Umwelt, der Erde und des Himmels. Das vermittelt so viel Lebensfreude, auf die wir nicht verzichten wollen.<\/p>\n<p>Dieses Gef\u00fchl von Freiheit fordert uns aber auch heraus, nach den inneren Grundlagen unserer m\u00f6glichen Freiheit zu suchen und nach\u00a0Gott \u00a0zu fragen, der uns ein befreites und erf\u00fclltes Leben schenken will.<\/p>\n<p>Wir wollen nicht nur mal ins Blaue fahren, sondern fragen auch nach dem \u201ewie\u201c und dem \u201ewohin\u201c.<\/p>\n<h4><strong>Punkt!<\/strong><\/h4>\n<p>Uns liegt daran, Dinge auf den Punkt zu bringen \u2013 das hei\u00dft, vom Glauben zu sprechen in in einer Sprache, die ein Mensch, der mit beiden Beinen auf der Erde und mit beiden R\u00e4dern auf der Stra\u00dfe steht, auch heute noch nachvollziehen kann.<\/p>\n<p>Wir verstehen uns nicht als abgehobene Gruppe, sondern als eine mobile und geistig bewegliche Gemeinschaft von Menschen, die nicht von Bewertungen leben, sondern davon, dass sie die Sprache und die Welt mit anderen Menschen teilen und damit f\u00fcr sie da sind.<\/p>\n<p>Ein Punkt mag wohl ein kleines Zeichen sein, aber an der richtigen Stelle gesetzt, entfacht er gro\u00dfe Wirkung.<br \/>\nSo z\u00e4hlt auch f\u00fcr uns der Einzelne mehr als die Masse.<\/p>\n<p>Und was bedeutet &#8230;<\/p>\n<ul>\n<li><a title=\"Unser Logo und seine Symbole\" href=\"https:\/\/www.aktion-blauer.de\/?page_id=19\">&#8230; unser Logo und seine Symbole?<br \/>\n<\/a><\/li>\n<\/ul>\n","protected":false},"excerpt":{"rendered":"<p>Aktion &#8230; &#8230; umfasst f\u00fcr uns das ganze Leben von motorradfahrenden Menschen. gemeinsam unterwegs sein auf der Stra\u00dfe Begegnungen bei Treffen Gespr\u00e4che und Musik am Lagerfeuer Feiern des Lebens bei Taufen und Trauungen beim \u201eAnlassen\u201c und bei Gedenkfahrten dort kommen &hellip; <a href=\"https:\/\/www.aktion-blauer.de\/?page_id=21\">Weiterlesen <span class=\"meta-nav\">&rarr;<\/span><\/a><\/p>\n","protected":false},"author":1,"featured_media":0,"parent":17,"menu_order":2,"comment_status":"closed","ping_status":"closed","template":"","meta":{"footnotes":""},"class_list":["post-21","page","type-page","status-publish","hentry"],"_links":{"self":[{"href":"https:\/\/www.aktion-blauer.de\/index.php?rest_route=\/wp\/v2\/pages\/21","targetHints":{"allow":["GET"]}}],"collection":[{"href":"https:\/\/www.aktion-blauer.de\/index.php?rest_route=\/wp\/v2\/pages"}],"about":[{"href":"https:\/\/www.aktion-blauer.de\/index.php?rest_route=\/wp\/v2\/types\/page"}],"author":[{"embeddable":true,"href":"https:\/\/www.aktion-blauer.de\/index.php?rest_route=\/wp\/v2\/users\/1"}],"replies":[{"embeddable":true,"href":"https:\/\/www.aktion-blauer.de\/index.php?rest_route=%2Fwp%2Fv2%2Fcomments&post=21"}],"version-history":[{"count":2,"href":"https:\/\/www.aktion-blauer.de\/index.php?rest_route=\/wp\/v2\/pages\/21\/revisions"}],"predecessor-version":[{"id":33,"href":"https:\/\/www.aktion-blauer.de\/index.php?rest_route=\/wp\/v2\/pages\/21\/revisions\/33"}],"up":[{"embeddable":true,"href":"https:\/\/www.aktion-blauer.de\/index.php?rest_route=\/wp\/v2\/pages\/17"}],"wp:attachment":[{"href":"https:\/\/www.aktion-blauer.de\/index.php?rest_route=%2Fwp%2Fv2%2Fmedia&parent=21"}],"curies":[{"name":"wp","href":"https:\/\/api.w.org\/{rel}","templated":true}]}}