{"id":25,"date":"2015-01-08T11:50:31","date_gmt":"2015-01-08T10:50:31","guid":{"rendered":"https:\/\/www.aktion-blauer.de\/?page_id=25"},"modified":"2022-08-31T14:07:33","modified_gmt":"2022-08-31T12:07:33","slug":"partner","status":"publish","type":"page","link":"https:\/\/www.aktion-blauer.de\/?page_id=25","title":{"rendered":"Partner"},"content":{"rendered":"<p>Auf dieser Seite findest Du keine unendliche Linkliste, sondern die Homepages von Organisationen, Einrichtungen und Gruppen, mit denen wir zusammenarbeiten:<\/p>\n<p>&nbsp;<\/p>\n<p><a href=\"http:\/\/www.bvdm.de\" target=\"_blank\" rel=\"noopener\">www.bvdm.de<\/a><\/p>\n<p>Am l\u00e4ngsten verbunden\u00a0 sind wir mit dem BVDM, dem Bundesverband f\u00fcr Motorradfahrer in Deutschland.<br \/>\n1962 fand auf seinem weltbekannten Elefantentreffen der erste Gottesdienst f\u00fcr Motorradfahrer statt.<\/p>\n<p><a href=\"http:\/\/www.blueknights-cologne.de\" target=\"_blank\" rel=\"noopener\">www.blueknights-cologne.de<\/a><\/p>\n<p>Ein Gedenkgottesdienst mit einem Korso, bei dem mittlerweile schon 4000 Biker teilnehmen, kann nicht mehr nur mit eigenen Kr\u00e4ften und denen der zust\u00e4ndigen Ordnungskr\u00e4fte begleitet werden. Dabei unterst\u00fctzen uns seit Jahren dankenswerter Weise Mitglieder dieser Gruppe.<\/p>\n<p>&nbsp;<\/p>\n<p><a href=\"http:\/\/www.bundespolizeibiker.de\/\" target=\"_blank\" rel=\"noopener\">www.bundespolizeibiker.de<\/a><\/p>\n<p>Auch die Bikergruppe der Bundespolizei hilft uns freundlicherweise, unseren Korso sicher von K\u00f6ln nach Altenberg zu bringen.<br \/>\nJ\u00e4hrlich findet als Gro\u00dfveranstaltung ein\u00a0&#8222;internationales Bikertreffen der BiB\u00b4s in Sankt Augustin- Hangelar&#8220; statt.<\/p>\n<p><a href=\"http:\/\/www.hannah-stiftung.de\" target=\"_blank\" rel=\"noopener\">www.hannah-stiftung.de<\/a><\/p>\n<p>Hannah verstarb am 30.8.07 aufgrund eines Verbrechens. Die Familie hat mit dem Namen ihrer Tochter eine Stiftung gegr\u00fcndet, die anderen Opfern und ihren Familien helfen will.<br \/>\nHannahs Vater, der auch Biker ist, hat uns um Unterst\u00fctzung f\u00fcr die Stiftung in der Biker-Szene gebeten. Das tun wir gerne.<\/p>\n<p><span style=\"color: #ff0000;\">Keine Gedenkfahrt ohne Fotos&#8230;<\/span><\/p>\n<p>Wenn R\u00fcdiger Larm als Fahrlehrer genauso gut ist wie als Photograph, dann d\u00fcrfte eigentlich kein Fahrsch\u00fcler bei Ihm durch die Pr\u00fcfung fallen.\u00a0 Durch seine Bilder bleiben unsere Veranstaltungen lange sichtbar auch ein unvergessliches Erlebnis.<\/p>\n<p><a href=\"http:\/\/www.wolpo-lackundschrift.de\" target=\"_blank\" rel=\"noopener\">www.wolpo-lackundschrift.de<\/a><\/p>\n<p>Wolfgang Pohlscheid war erstmalig mit dabei beim 31. Deutschen Evangelischen Kirchentag als Interviewpartner im Drive-In-Gottesdienst. Seine Airbrushs zeugen von Qualit\u00e4t und Ideenreichtum. Zu erreichen ist Wolfgang Pohlscheid auch \u00fcber die e-mail-Adresse <a href=\"mailto:wolpo@arcor.de\">wolpo@arcor.de<\/a><\/p>\n","protected":false},"excerpt":{"rendered":"<p>Auf dieser Seite findest Du keine unendliche Linkliste, sondern die Homepages von Organisationen, Einrichtungen und Gruppen, mit denen wir zusammenarbeiten: &nbsp; www.bvdm.de Am l\u00e4ngsten verbunden\u00a0 sind wir mit dem BVDM, dem Bundesverband f\u00fcr Motorradfahrer in Deutschland. 1962 fand auf seinem &hellip; <a href=\"https:\/\/www.aktion-blauer.de\/?page_id=25\">Weiterlesen <span class=\"meta-nav\">&rarr;<\/span><\/a><\/p>\n","protected":false},"author":1,"featured_media":0,"parent":0,"menu_order":4,"comment_status":"closed","ping_status":"closed","template":"","meta":{"footnotes":""},"class_list":["post-25","page","type-page","status-publish","hentry"],"_links":{"self":[{"href":"https:\/\/www.aktion-blauer.de\/index.php?rest_route=\/wp\/v2\/pages\/25","targetHints":{"allow":["GET"]}}],"collection":[{"href":"https:\/\/www.aktion-blauer.de\/index.php?rest_route=\/wp\/v2\/pages"}],"about":[{"href":"https:\/\/www.aktion-blauer.de\/index.php?rest_route=\/wp\/v2\/types\/page"}],"author":[{"embeddable":true,"href":"https:\/\/www.aktion-blauer.de\/index.php?rest_route=\/wp\/v2\/users\/1"}],"replies":[{"embeddable":true,"href":"https:\/\/www.aktion-blauer.de\/index.php?rest_route=%2Fwp%2Fv2%2Fcomments&post=25"}],"version-history":[{"count":5,"href":"https:\/\/www.aktion-blauer.de\/index.php?rest_route=\/wp\/v2\/pages\/25\/revisions"}],"predecessor-version":[{"id":299,"href":"https:\/\/www.aktion-blauer.de\/index.php?rest_route=\/wp\/v2\/pages\/25\/revisions\/299"}],"wp:attachment":[{"href":"https:\/\/www.aktion-blauer.de\/index.php?rest_route=%2Fwp%2Fv2%2Fmedia&parent=25"}],"curies":[{"name":"wp","href":"https:\/\/api.w.org\/{rel}","templated":true}]}}